{"id":433,"date":"2019-04-02T02:29:08","date_gmt":"2019-04-02T02:29:08","guid":{"rendered":"http:\/\/dhvalve.cl\/?page_id=433"},"modified":"2024-05-25T23:16:22","modified_gmt":"2024-05-26T03:16:22","slug":"about-us","status":"publish","type":"page","link":"https:\/\/dhvalve.cl\/?page_id=433","title":{"rendered":"Con\u00f3cenos"},"content":{"rendered":"\t\t<div data-elementor-type=\"wp-page\" data-elementor-id=\"433\" class=\"elementor elementor-433\">\n\t\t\t\t\t\t<section class=\"elementor-section elementor-top-section elementor-element elementor-element-655faa7a elementor-section-boxed elementor-section-height-default elementor-section-height-default\" data-id=\"655faa7a\" data-element_type=\"section\" data-e-type=\"section\" data-settings=\"{&quot;background_background&quot;:&quot;slideshow&quot;,&quot;background_slideshow_gallery&quot;:[{&quot;id&quot;:554,&quot;url&quot;:&quot;http:\\\/\\\/dhvalve.cl\\\/wp-content\\\/uploads\\\/2022\\\/07\\\/welding-67640_1280.jpg&quot;},{&quot;id&quot;:551,&quot;url&quot;:&quot;http:\\\/\\\/dhvalve.cl\\\/wp-content\\\/uploads\\\/2022\\\/07\\\/Soldadura-1.jpg&quot;}],&quot;background_slideshow_loop&quot;:&quot;yes&quot;,&quot;background_slideshow_slide_duration&quot;:5000,&quot;background_slideshow_slide_transition&quot;:&quot;fade&quot;,&quot;background_slideshow_transition_duration&quot;:500}\">\n\t\t\t\t\t\t<div class=\"elementor-container elementor-column-gap-default\">\n\t\t\t\t\t<div class=\"elementor-column elementor-col-100 elementor-top-column elementor-element elementor-element-d93a62b\" data-id=\"d93a62b\" data-element_type=\"column\" data-e-type=\"column\">\n\t\t\t<div class=\"elementor-widget-wrap elementor-element-populated\">\n\t\t\t\t\t\t<div class=\"elementor-element elementor-element-7c16b2d3 elementor-widget elementor-widget-text-editor\" data-id=\"7c16b2d3\" data-element_type=\"widget\" data-e-type=\"widget\" data-widget_type=\"text-editor.default\">\n\t\t\t\t<div class=\"elementor-widget-container\">\n\t\t\t\t\t\t\t\t\t<p><style>\/*! elementor - v3.6.6 - 08-06-2022 *\/<br \/>.elementor-heading-title{padding:0;margin:0;line-height:1}.elementor-widget-heading .elementor-heading-title[class*=elementor-size-]>a{color:inherit;font-size:inherit;line-height:inherit}.elementor-widget-heading .elementor-heading-title.elementor-size-small{font-size:15px}.elementor-widget-heading .elementor-heading-title.elementor-size-medium{font-size:19px}.elementor-widget-heading .elementor-heading-title.elementor-size-large{font-size:29px}.elementor-widget-heading .elementor-heading-title.elementor-size-xl{font-size:39px}.elementor-widget-heading .elementor-heading-title.elementor-size-xxl{font-size:59px}<\/style>\n<\/p>\n<h2 style=\"text-align: center;\"><span style=\"color: #ffffff;\">Con\u00f3cenos<\/span><\/h2>\n<p><style>\/*! elementor - v3.6.6 - 08-06-2022 *\/<br \/>.elementor-widget-divider{--divider-border-style:none;--divider-border-width:1px;--divider-color:#2c2c2c;--divider-icon-size:20px;--divider-element-spacing:10px;--divider-pattern-height:24px;--divider-pattern-size:20px;--divider-pattern-url:none;--divider-pattern-repeat:repeat-x}.elementor-widget-divider .elementor-divider{display:-webkit-box;display:-ms-flexbox;display:flex}.elementor-widget-divider .elementor-divider__text{font-size:15px;line-height:1;max-width:95%}.elementor-widget-divider .elementor-divider__element{margin:0 var(--divider-element-spacing);-ms-flex-negative:0;flex-shrink:0}.elementor-widget-divider .elementor-icon{font-size:var(--divider-icon-size)}.elementor-widget-divider .elementor-divider-separator{display:-webkit-box;display:-ms-flexbox;display:flex;margin:0;direction:ltr}.elementor-widget-divider--view-line_icon .elementor-divider-separator,.elementor-widget-divider--view-line_text .elementor-divider-separator{-webkit-box-align:center;-ms-flex-align:center;align-items:center}.elementor-widget-divider--view-line_icon .elementor-divider-separator:after,.elementor-widget-divider--view-line_icon .elementor-divider-separator:before,.elementor-widget-divider--view-line_text .elementor-divider-separator:after,.elementor-widget-divider--view-line_text .elementor-divider-separator:before{display:block;content:\"\";border-bottom:0;-webkit-box-flex:1;-ms-flex-positive:1;flex-grow:1;border-top:var(--divider-border-width) var(--divider-border-style) var(--divider-color)}.elementor-widget-divider--element-align-left .elementor-divider .elementor-divider-separator>.elementor-divider__svg:first-of-type{-webkit-box-flex:0;-ms-flex-positive:0;flex-grow:0;-ms-flex-negative:100;flex-shrink:100}.elementor-widget-divider--element-align-left .elementor-divider-separator:before{content:none}.elementor-widget-divider--element-align-left .elementor-divider__element{margin-left:0}.elementor-widget-divider--element-align-right .elementor-divider .elementor-divider-separator>.elementor-divider__svg:last-of-type{-webkit-box-flex:0;-ms-flex-positive:0;flex-grow:0;-ms-flex-negative:100;flex-shrink:100}.elementor-widget-divider--element-align-right .elementor-divider-separator:after{content:none}.elementor-widget-divider--element-align-right .elementor-divider__element{margin-right:0}.elementor-widget-divider:not(.elementor-widget-divider--view-line_text):not(.elementor-widget-divider--view-line_icon) .elementor-divider-separator{border-top:var(--divider-border-width) var(--divider-border-style) var(--divider-color)}.elementor-widget-divider--separator-type-pattern{--divider-border-style:none}.elementor-widget-divider--separator-type-pattern.elementor-widget-divider--view-line .elementor-divider-separator,.elementor-widget-divider--separator-type-pattern:not(.elementor-widget-divider--view-line) .elementor-divider-separator:after,.elementor-widget-divider--separator-type-pattern:not(.elementor-widget-divider--view-line) .elementor-divider-separator:before,.elementor-widget-divider--separator-type-pattern:not([class*=elementor-widget-divider--view]) .elementor-divider-separator{width:100%;min-height:var(--divider-pattern-height);-webkit-mask-size:var(--divider-pattern-size) 100%;mask-size:var(--divider-pattern-size) 100%;-webkit-mask-repeat:var(--divider-pattern-repeat);mask-repeat:var(--divider-pattern-repeat);background-color:var(--divider-color);-webkit-mask-image:var(--divider-pattern-url);mask-image:var(--divider-pattern-url)}.elementor-widget-divider--no-spacing{--divider-pattern-size:auto}.elementor-widget-divider--bg-round{--divider-pattern-repeat:round}.rtl .elementor-widget-divider .elementor-divider__text{direction:rtl}<\/style>\n<\/p>\n<h6><span style=\"color: #ffffff;\"><br><\/span><\/h6><h6><span style=\"color: #ffffff;\"><br><\/span><\/h6>\n<h6><span style=\"color: #ffffff;\"><br><\/span><\/h6>\n<h6><span style=\"color: #ffffff;\">Nuestra compa\u00f1ia<\/span><\/h6>\n<h2><span style=\"color: #ffffff;\">Qu\u00edenes somos<\/span><\/h2>\n<h4><span style=\"color: #ffffff;\">Nuestra Historia<\/span><\/h4>\n<h6><span style=\"color: #ffffff;\">Somos una empresa de Ingenieri\u0301a enfocada al desarrollo de proyectos de fabricacio\u0301n, disen\u0303o, montaje, construccio\u0301n y comercializacio\u0301n de insumos.<\/span><\/h6>\n<p style=\"margin: 0cm 0cm 14pt; font-size: 12pt; font-family: Calibri, sans-serif; color: #000000; font-style: normal; font-weight: 400; text-align: justify; text-indent: 35.4pt;\"><span style=\"color: #ffffff;\">Contamos con una vasta experiencia en las \u00e1reas de negocios del rubro metalmec\u00e1nico, con una gran visi\u00f3n de futuro y una acci\u00f3n innovadora permanente aplicada por su organizaci\u00f3n para la realizaci\u00f3n de obras de ingenier\u00eda y construcci\u00f3n exitosas.<\/span><\/p>\n<p><span style=\"color: #ffffff;\">Nuestro equipo de profesionales multidisciplinarios, calificados y de larga experiencia nos permite cumplir los objetivos propuestos en cada proyecto encomendado, enfoc\u00e1ndonos en entregar un producto de calidad, con operaciones seguras para nuestros trabajadores y amigables con el medio ambiente.<\/span><\/p>\n<h4><span style=\"color: #ffffff;\">Visi\u00f3n<\/span><\/h4>\n<p><span style=\"color: #ffffff;\">Ser una empresa li\u0301der, consolidada y reconocida en la industria regional y nacional, con un crecimiento sostenible, aplicando innovacio\u0301n en cada uno sus procesos, alcanzando esta\u0301ndares de calidad en nuestras operaciones<\/span><\/p>\n<h4><span style=\"color: #ffffff;\">Misi\u00f3n<\/span><\/h4>\n<p><span style=\"color: #ffffff;\">Satisfacer necesidades de ingenieri\u0301a, mantencio\u0301n y construccio\u0301n, enfocando nuestros esfuerzos en la calidad y puntualidad, velando por la seguridad y salud ocupacional del personal, como asi\u0301 tambie\u0301n el cuidado del medio ambiente.<\/span><\/p>\n<p><style>\/*! elementor - v3.6.6 - 08-06-2022 *\/<br \/>.elementor-counter .elementor-counter-number-wrapper{display:-webkit-box;display:-ms-flexbox;display:flex;font-size:69px;font-weight:600;line-height:1}.elementor-counter .elementor-counter-number-prefix,.elementor-counter .elementor-counter-number-suffix{-webkit-box-flex:1;-ms-flex-positive:1;flex-grow:1;white-space:pre-wrap}.elementor-counter .elementor-counter-number-prefix{text-align:right}.elementor-counter .elementor-counter-number-suffix{text-align:left}.elementor-counter .elementor-counter-title{text-align:center;font-size:19px;font-weight:400;line-height:2.5}<\/style>\n<\/p>\n<p><br><br>Proyectos en Ejecuci\u00f3n<br><br><br>Proyectos Realizados<br><br><br>Clientes Satisfechos<br><br><br>Estad\u00edsticas Accidentes<\/p>\t\t\t\t\t\t\t\t<\/div>\n\t\t\t\t<\/div>\n\t\t\t\t\t<\/div>\n\t\t<\/div>\n\t\t\t\t\t<\/div>\n\t\t<\/section>\n\t\t\t\t<\/div>\n\t\t","protected":false},"excerpt":{"rendered":"<p>Con\u00f3cenos Nuestra compa\u00f1ia Qu\u00edenes somos Nuestra Historia Somos una empresa de Ingenieri\u0301a enfocada al desarrollo de proyectos de fabricacio\u0301n, disen\u0303o, montaje, construccio\u0301n y comercializacio\u0301n de insumos. Contamos con una vasta experiencia en las \u00e1reas de negocios del rubro metalmec\u00e1nico, con una gran visi\u00f3n de futuro y una acci\u00f3n innovadora permanente aplicada por su organizaci\u00f3n para [&hellip;]<\/p>\n","protected":false},"author":1,"featured_media":0,"parent":0,"menu_order":0,"comment_status":"closed","ping_status":"closed","template":"","meta":{"site-sidebar-layout":"no-sidebar","site-content-layout":"page-builder","ast-site-content-layout":"","site-content-style":"default","site-sidebar-style":"default","ast-global-header-display":"","ast-banner-title-visibility":"","ast-main-header-display":"","ast-hfb-above-header-display":"","ast-hfb-below-header-display":"","ast-hfb-mobile-header-display":"","site-post-title":"disabled","ast-breadcrumbs-content":"disabled","ast-featured-img":"disabled","footer-sml-layout":"","theme-transparent-header-meta":"enabled","adv-header-id-meta":"","stick-header-meta":"","header-above-stick-meta":"","header-main-stick-meta":"","header-below-stick-meta":"","astra-migrate-meta-layouts":"default","ast-page-background-enabled":"default","ast-page-background-meta":{"desktop":{"background-color":"","background-image":"","background-repeat":"repeat","background-position":"center center","background-size":"auto","background-attachment":"scroll","background-type":"","background-media":"","overlay-type":"","overlay-color":"","overlay-opacity":"","overlay-gradient":""},"tablet":{"background-color":"","background-image":"","background-repeat":"repeat","background-position":"center center","background-size":"auto","background-attachment":"scroll","background-type":"","background-media":"","overlay-type":"","overlay-color":"","overlay-opacity":"","overlay-gradient":""},"mobile":{"background-color":"","background-image":"","background-repeat":"repeat","background-position":"center center","background-size":"auto","background-attachment":"scroll","background-type":"","background-media":"","overlay-type":"","overlay-color":"","overlay-opacity":"","overlay-gradient":""}},"ast-content-background-meta":{"desktop":{"background-color":"var(--ast-global-color-5)","background-image":"","background-repeat":"repeat","background-position":"center center","background-size":"auto","background-attachment":"scroll","background-type":"","background-media":"","overlay-type":"","overlay-color":"","overlay-opacity":"","overlay-gradient":""},"tablet":{"background-color":"var(--ast-global-color-5)","background-image":"","background-repeat":"repeat","background-position":"center center","background-size":"auto","background-attachment":"scroll","background-type":"","background-media":"","overlay-type":"","overlay-color":"","overlay-opacity":"","overlay-gradient":""},"mobile":{"background-color":"var(--ast-global-color-5)","background-image":"","background-repeat":"repeat","background-position":"center center","background-size":"auto","background-attachment":"scroll","background-type":"","background-media":"","overlay-type":"","overlay-color":"","overlay-opacity":"","overlay-gradient":""}},"_joinchat":[],"footnotes":""},"class_list":["post-433","page","type-page","status-publish","hentry"],"_links":{"self":[{"href":"https:\/\/dhvalve.cl\/index.php?rest_route=\/wp\/v2\/pages\/433","targetHints":{"allow":["GET"]}}],"collection":[{"href":"https:\/\/dhvalve.cl\/index.php?rest_route=\/wp\/v2\/pages"}],"about":[{"href":"https:\/\/dhvalve.cl\/index.php?rest_route=\/wp\/v2\/types\/page"}],"author":[{"embeddable":true,"href":"https:\/\/dhvalve.cl\/index.php?rest_route=\/wp\/v2\/users\/1"}],"replies":[{"embeddable":true,"href":"https:\/\/dhvalve.cl\/index.php?rest_route=%2Fwp%2Fv2%2Fcomments&post=433"}],"version-history":[{"count":34,"href":"https:\/\/dhvalve.cl\/index.php?rest_route=\/wp\/v2\/pages\/433\/revisions"}],"predecessor-version":[{"id":872,"href":"https:\/\/dhvalve.cl\/index.php?rest_route=\/wp\/v2\/pages\/433\/revisions\/872"}],"wp:attachment":[{"href":"https:\/\/dhvalve.cl\/index.php?rest_route=%2Fwp%2Fv2%2Fmedia&parent=433"}],"curies":[{"name":"wp","href":"https:\/\/api.w.org\/{rel}","templated":true}]}}